{"id":8,"date":"2023-03-28T08:07:21","date_gmt":"2023-03-28T08:07:21","guid":{"rendered":"https:\/\/msr-mssf.com.pl\/?page_id=8"},"modified":"2023-03-28T08:09:54","modified_gmt":"2023-03-28T08:09:54","slug":"informacje","status":"publish","type":"page","link":"https:\/\/msr-mssf.com.pl\/?page_id=8","title":{"rendered":"ADN Akademia"},"content":{"rendered":"\n<div class=\"wp-block-buttons is-layout-flex wp-block-buttons-is-layout-flex\">\n<div class=\"wp-block-button has-custom-width wp-block-button__width-100\"><a class=\"wp-block-button__link wp-element-button\" href=\"https:\/\/www.adnakademia.pl\/KONTAKT\/\">POBIERZ NASZ KATALOG<\/a><\/div>\n<\/div>\n\n\n\n<h2 class=\"has-text-align-center wp-block-heading\">LIDER RYNKU SZKOLE\u0143<\/h2>\n\n\n\n<div class=\"wp-block-columns is-layout-flex wp-container-core-columns-layout-1 wp-block-columns-is-layout-flex\">\n<div class=\"wp-block-column is-layout-flow wp-block-column-is-layout-flow\">\n<p>Jeste\u015bmy&nbsp;<strong>jedn\u0105 z najwi\u0119kszych firm szkoleniowych<\/strong>&nbsp;w Polsce. Nasz zesp\u00f3\u0142 tworz\u0105 do\u015bwiadczeni mened\u017cerowie najbardziej uznanych firm szkoleniowych i doradczych&nbsp; dzia\u0142aj\u0105cych na polskim oraz mi\u0119dzynarodowym rynku.<\/p>\n<\/div>\n\n\n\n<div class=\"wp-block-column is-layout-flow wp-block-column-is-layout-flow\">\n<p>Od blisko 15 lat (wcze\u015bniej jako Akademia MDDP teraz jako ADN Akademia) dostarczamy praktyczn\u0105 wiedz\u0119, oferuj\u0105c szerokie spektrum<strong>&nbsp;szkole\u0144, kurs\u00f3w i studi\u00f3w<\/strong>&nbsp;w zakresie podatk\u00f3w, rachunkowo\u015bci, finans\u00f3w, prawa, a tak\u017ce&nbsp;<strong>praktyczne warsztaty<\/strong>&nbsp;z obszar\u00f3w zarz\u0105dzania strategicznego czy rozwoju wszelkich kompetencji biznesowych, zawodowych, osobistych i informatycznych.<\/p>\n<\/div>\n<\/div>\n\n\n\n<div class=\"wp-block-media-text alignwide is-stacked-on-mobile\" style=\"grid-template-columns:35% auto\"><figure class=\"wp-block-media-text__media\"><img decoding=\"async\" src=\"https:\/\/szkolenia-wyjazdowe.com.pl\/wp-content\/uploads\/2022\/04\/Fotolia_79967791_S-1.jpg\" alt=\"\" class=\"wp-image-38 size-full\"\/><\/figure><div class=\"wp-block-media-text__content\">\n<p>Inspirujemy do zmian i jeste\u015bmy postrzegani, jako dogodny partner przedsi\u0119biorstw w podnoszeniu ich konkurencyjno\u015bci i efektywno\u015bci. Podstaw\u0105 wszystkich naszych projekt\u00f3w jest profesjonalne badanie potrzeb przedsi\u0119biorstwa i przysz\u0142ych uczestnik\u00f3w oraz nacisk na praktyczn\u0105 przydatno\u015b\u0107 prezentowanych rozwi\u0105za\u0144. Dzi\u0119ki temu nasze warsztaty s\u0105 postrzegane, jako u\u017cyteczne i cenne \u017ar\u00f3d\u0142o wiedzy. Daj\u0105 temu wyraz dotychczasowi Klienci, kt\u00f3rzy ch\u0119tnie powracaj\u0105 na nasze zaj\u0119cia bez wzgl\u0119du na formu\u0142\u0119: szkole\u0144 zamkni\u0119tych, otwartych, konferencji czy warsztat\u00f3w.<\/p>\n<\/div><\/div>\n\n\n\n<div class=\"wp-block-buttons is-layout-flex wp-block-buttons-is-layout-flex\">\n<div class=\"wp-block-button has-custom-width wp-block-button__width-100\"><a class=\"wp-block-button__link wp-element-button\">KLIENCI NAS DOCENIAJ\u0104<\/a><\/div>\n<\/div>\n\n\n\n<hr class=\"wp-block-separator has-css-opacity alignwide\"\/>\n\n\n\n<h2 class=\"alignwide has-text-align-center wp-block-heading\">Ponad 300 ekspert\u00f3w<\/h2>\n\n\n\n<div class=\"wp-block-media-text alignwide has-media-on-the-right is-stacked-on-mobile\" style=\"grid-template-columns:auto 46%\"><div class=\"wp-block-media-text__content\">\n<p>Dbaj\u0105c o jak najwy\u017cszy standard oferowanych us\u0142ug do ich realizacji dobieramy wy\u0142\u0105cznie&nbsp;<strong>wysokiej rangi specjalist\u00f3w<\/strong>.&nbsp; Obecnie wsp\u00f3\u0142pracujemy z liczb\u0105 ponad trzystu ekspert\u00f3w, w\u015br\u00f3d kt\u00f3rych s\u0105: biegli rewidenci, doradcy podatkowi, radcy prawni, psycholodzy, praktycy biznesu, programi\u015bci oraz informatycy.<\/p>\n<\/div><figure class=\"wp-block-media-text__media\"><img decoding=\"async\" src=\"https:\/\/szkolenia-wyjazdowe.com.pl\/wp-content\/uploads\/2022\/04\/Fotolia_7809059_M-1024x686-1.jpg\" alt=\"\" class=\"wp-image-41 size-full\"\/><\/figure><\/div>\n\n\n\n<hr class=\"wp-block-separator has-css-opacity alignwide\"\/>\n\n\n\n<h2 class=\"has-text-align-center has-accent-color has-text-color wp-block-heading\">Grupa ADN<\/h2>\n\n\n\n<div class=\"wp-block-media-text alignwide is-stacked-on-mobile\" style=\"grid-template-columns:38% auto\"><figure class=\"wp-block-media-text__media\"><img decoding=\"async\" src=\"https:\/\/szkolenia-wyjazdowe.com.pl\/wp-content\/uploads\/2022\/04\/ADN-kolorowe-logo-1-1024x819.png\" alt=\"\" class=\"wp-image-42 size-full\"\/><\/figure><div class=\"wp-block-media-text__content\">\n<p>ADN Akademia jest cz\u0119\u015bci\u0105 <strong>grupy ADN w<\/strong> sk\u0142ad kt\u00f3rej wchodz\u0105 r\u00f3wnie\u017c <\/p>\n\n\n\n<div class=\"wp-block-buttons is-layout-flex wp-block-buttons-is-layout-flex\">\n<div class=\"wp-block-button has-custom-width wp-block-button__width-100\"><a class=\"wp-block-button__link has-background-color has-text-color has-background wp-element-button\" href=\"http:\/\/adn.pl\" style=\"background-color:#636464\" target=\"_blank\" rel=\"noreferrer noopener\">SPRAWD\u0179 STRON\u0118<\/a><\/div>\n<\/div>\n<\/div><\/div>\n\n\n\n<div class=\"wp-block-columns alignwide is-layout-flex wp-container-core-columns-layout-2 wp-block-columns-is-layout-flex\">\n<div class=\"wp-block-column is-layout-flow wp-block-column-is-layout-flow\">\n<h5 class=\"has-text-align-center has-text-color wp-block-heading\" style=\"color:#202b52\"><strong>ADN Doradztwo Podatkowe<\/strong><\/h5>\n\n\n\n<p class=\"has-text-align-center\">sp\u00f3\u0142ka doradztwa podatkowego<\/p>\n\n\n\n<p class=\"has-text-align-center\">z wieloletnim do\u015bwiadczeniem na rynku<\/p>\n\n\n\n<div class=\"wp-block-buttons alignfull is-layout-flex wp-block-buttons-is-layout-flex\">\n<div class=\"wp-block-button has-custom-width wp-block-button__width-100\"><a class=\"wp-block-button__link has-background wp-element-button\" href=\"https:\/\/adnpodatki.pl\/\" style=\"background-color:#202b52\">Sprawd\u017a stron\u0119<\/a><\/div>\n<\/div>\n<\/div>\n\n\n\n<div class=\"wp-block-column is-layout-flow wp-block-column-is-layout-flow\">\n<h5 class=\"has-text-align-center has-text-color wp-block-heading\" style=\"color:#f1841a\">Instytut ADN<\/h5>\n\n\n\n<p class=\"has-text-align-center\">odr\u0119bna linia biznesowa<\/p>\n\n\n\n<p class=\"has-text-align-center\">zajmuj\u0105ca si\u0119 wy\u0142\u0105cznie projektami unijnymi<\/p>\n\n\n\n<div class=\"wp-block-buttons is-layout-flex wp-block-buttons-is-layout-flex\">\n<div class=\"wp-block-button has-custom-width wp-block-button__width-100\"><a class=\"wp-block-button__link has-background wp-element-button\" href=\"\" style=\"background-color:#f1841a\" target=\"_blank\" rel=\"noreferrer noopener\">Sprawd\u017a stron\u0119<\/a><\/div>\n<\/div>\n<\/div>\n\n\n\n<div class=\"wp-block-column is-layout-flow wp-block-column-is-layout-flow\">\n<h5 class=\"has-text-align-center has-accent-color has-text-color wp-block-heading\">Centrum Konferencyjne<\/h5>\n\n\n\n<p class=\"has-text-align-center\">nowoczesne sale szkoleniowe<\/p>\n\n\n\n<p class=\"has-text-align-center\">w samym centrum Warszawy<\/p>\n\n\n\n<div class=\"wp-block-buttons is-layout-flex wp-block-buttons-is-layout-flex\">\n<div class=\"wp-block-button has-custom-width wp-block-button__width-100\"><a class=\"wp-block-button__link wp-element-button\" href=\"https:\/\/ckadn.pl\/\">SPRAWD\u0179 STRON\u0118<\/a><\/div>\n<\/div>\n<\/div>\n<\/div>\n\n\n\n<h1 class=\"has-text-align-center has-accent-color has-background-background-color has-text-color has-background has-larger-font-size wp-block-heading\"><strong>Zapisz si\u0119 na szkolenie<\/strong><\/h1>\n\n\n\n<div class=\"wp-block-buttons is-layout-flex wp-block-buttons-is-layout-flex\">\n<div class=\"wp-block-button has-custom-width wp-block-button__width-100\"><a class=\"wp-block-button__link wp-element-button\" href=\"https:\/\/www.adnakademia.pl\/KONTAKT\/\">SKONTAKTUJ SI\u0118 Z NAMI<\/a><\/div>\n<\/div>\n","protected":false},"excerpt":{"rendered":"<p>LIDER RYNKU SZKOLE\u0143 Jeste\u015bmy&nbsp;jedn\u0105 z najwi\u0119kszych firm szkoleniowych&nbsp;w Polsce. Nasz zesp\u00f3\u0142 tworz\u0105 do\u015bwiadczeni mened\u017cerowie najbardziej uznanych firm szkoleniowych i doradczych&nbsp; dzia\u0142aj\u0105cych na polskim oraz mi\u0119dzynarodowym rynku. Od blisko 15 lat (wcze\u015bniej jako Akademia MDDP teraz jako ADN Akademia) dostarczamy praktyczn\u0105 wiedz\u0119, oferuj\u0105c szerokie spektrum&nbsp;szkole\u0144, kurs\u00f3w i studi\u00f3w&nbsp;w zakresie podatk\u00f3w, rachunkowo\u015bci, finans\u00f3w, prawa, a tak\u017ce&nbsp;praktyczne warsztaty&nbsp;z [&hellip;]<\/p>\n","protected":false},"author":2,"featured_media":0,"parent":0,"menu_order":0,"comment_status":"closed","ping_status":"closed","template":"","meta":{"footnotes":""},"_links":{"self":[{"href":"https:\/\/msr-mssf.com.pl\/index.php?rest_route=\/wp\/v2\/pages\/8"}],"collection":[{"href":"https:\/\/msr-mssf.com.pl\/index.php?rest_route=\/wp\/v2\/pages"}],"about":[{"href":"https:\/\/msr-mssf.com.pl\/index.php?rest_route=\/wp\/v2\/types\/page"}],"author":[{"embeddable":true,"href":"https:\/\/msr-mssf.com.pl\/index.php?rest_route=\/wp\/v2\/users\/2"}],"replies":[{"embeddable":true,"href":"https:\/\/msr-mssf.com.pl\/index.php?rest_route=%2Fwp%2Fv2%2Fcomments&post=8"}],"version-history":[{"count":2,"href":"https:\/\/msr-mssf.com.pl\/index.php?rest_route=\/wp\/v2\/pages\/8\/revisions"}],"predecessor-version":[{"id":25,"href":"https:\/\/msr-mssf.com.pl\/index.php?rest_route=\/wp\/v2\/pages\/8\/revisions\/25"}],"wp:attachment":[{"href":"https:\/\/msr-mssf.com.pl\/index.php?rest_route=%2Fwp%2Fv2%2Fmedia&parent=8"}],"curies":[{"name":"wp","href":"https:\/\/api.w.org\/{rel}","templated":true}]}}