{"id":7,"date":"2023-03-28T08:07:21","date_gmt":"2023-03-28T08:07:21","guid":{"rendered":"https:\/\/msr-mssf.com.pl\/?page_id=7"},"modified":"2023-03-28T08:26:21","modified_gmt":"2023-03-28T08:26:21","slug":"nowe-muzeum-sztuki-nowoczesnej-otwarlo-swoje-powoje","status":"publish","type":"page","link":"https:\/\/msr-mssf.com.pl\/","title":{"rendered":"Standardy MSR i MSSF"},"content":{"rendered":"\n<p><\/p>\n\n\n\n<p id=\"block-6100c757-769d-4413-bea5-f4079682d6d1\">Zapraszamy na renomowane szkolenia dotycz\u0105ce Mi\u0119dzynarodowych Standard\u00f3w Rachunkowo\u015bci i Mi\u0119dzynarodowych Standard\u00f3w Sprawozda\u0144 Finansowych.<\/p>\n\n\n\n<p id=\"block-6a1e16eb-1ab5-42c9-9180-10ae895d1a38\">Proponowane przez nas programy przygotowywane s\u0105 w oparciu o najnowsze badania rynku pracy, okre\u015blaj\u0105 potrzeby edukacyjne os\u00f3b ambitnych ukierunkowanych na rozw\u00f3j osobisty. Podczas kurs\u00f3w s\u0142uchacze korzystaj\u0105 z najwy\u017cszej jako\u015bci form doskonalenia \u0142\u0105cz\u0105cych aktualn\u0105 wiedz\u0119 z praktycznym jej zastosowaniem.<\/p>\n\n\n\n<div class=\"wp-block-media-text alignwide is-stacked-on-mobile\"><figure class=\"wp-block-media-text__media\"><img loading=\"lazy\" decoding=\"async\" width=\"1024\" height=\"683\" src=\"https:\/\/msr-mssf.com.pl\/wp-content\/uploads\/2023\/03\/pexels-karolina-grabowska-4475523-1-1024x683.jpg\" alt=\"\" class=\"wp-image-39 size-full\" srcset=\"https:\/\/msr-mssf.com.pl\/wp-content\/uploads\/2023\/03\/pexels-karolina-grabowska-4475523-1-1024x683.jpg 1024w, https:\/\/msr-mssf.com.pl\/wp-content\/uploads\/2023\/03\/pexels-karolina-grabowska-4475523-1-300x200.jpg 300w, https:\/\/msr-mssf.com.pl\/wp-content\/uploads\/2023\/03\/pexels-karolina-grabowska-4475523-1-768x512.jpg 768w, https:\/\/msr-mssf.com.pl\/wp-content\/uploads\/2023\/03\/pexels-karolina-grabowska-4475523-1-1536x1024.jpg 1536w, https:\/\/msr-mssf.com.pl\/wp-content\/uploads\/2023\/03\/pexels-karolina-grabowska-4475523-1-2048x1365.jpg 2048w, https:\/\/msr-mssf.com.pl\/wp-content\/uploads\/2023\/03\/pexels-karolina-grabowska-4475523-1-1200x800.jpg 1200w, https:\/\/msr-mssf.com.pl\/wp-content\/uploads\/2023\/03\/pexels-karolina-grabowska-4475523-1-1980x1320.jpg 1980w\" sizes=\"(max-width: 1024px) 100vw, 1024px\" \/><\/figure><div class=\"wp-block-media-text__content\">\n<p>Poszczeg\u00f3lne zagadnienia b\u0119d\u0105 ilustrowane przyk\u0142adami liczbowymi u\u0142atwiaj\u0105cymi ich zrozumienie i czyni\u0105cymi przekazywan\u0105 wiedz\u0119 jak najbardziej praktyczn\u0105.  <\/p>\n\n\n\n<p>Przedstawimy wybrane metody rachunkowo\u015bci zarz\u0105dczej (controllingu), bez kt\u00f3rych nie jest mo\u017cliwe spe\u0142nienie wielu wymog\u00f3w MSSF\/MSR. <\/p>\n\n\n\n<p>Dodatkiem nadzwyczajnym s\u0105 bloki po\u015bwi\u0119cone rozwojowi umiej\u0119tno\u015bci skutecznej komunikacji, bez kt\u00f3rych ksi\u0119gowym jest trudno pozyska\u0107 informacje niezb\u0119dne do sprawozda\u0144 finansowych. <\/p>\n<\/div><\/div>\n\n\n\n<hr class=\"wp-block-separator has-alpha-channel-opacity\" id=\"block-93c3de06-d3b1-4301-a845-402c31ca0bff\"\/>\n\n\n\n<figure class=\"wp-block-image\" id=\"block-f118b79b-12af-4f4e-9568-48a9920ba3cf\"><img decoding=\"async\" src=\"https:\/\/szkolenia-controlling.com.pl\/wp-content\/uploads\/2022\/04\/ADN_2021-12-22_0556_fullres_kadr1.jpg\" alt=\"Obrazek posiada pusty atrybut alt; plik o nazwie ADN_2021-12-22_0556_fullres_kadr1.jpg\"\/><\/figure>\n\n\n\n<blockquote class=\"wp-block-quote\">\n<p id=\"block-aec874c1-42c4-4f9b-a2fe-3654eb4bc6e8\">\u201eWiedza to nasz najwi\u0119kszy atut\u201d\u2014 Adam Niedzi\u00f3\u0142ka, prezez ADN Akademia<\/p>\n<\/blockquote>\n\n\n\n<hr class=\"wp-block-separator has-alpha-channel-opacity\" id=\"block-7d358b2d-f82c-44f7-9419-6bd7d5f086ae\"\/>\n\n\n\n<div class=\"wp-block-buttons is-layout-flex wp-block-buttons-is-layout-flex\">\n<div class=\"wp-block-button has-custom-width wp-block-button__width-100\"><a class=\"wp-block-button__link wp-element-button\" href=\"https:\/\/msr-mssf.com.pl\/?page_id=8\">Zobacz dlaczego ADN Akademia<\/a><\/div>\n<\/div>\n","protected":false},"excerpt":{"rendered":"<p>Zapraszamy na renomowane szkolenia dotycz\u0105ce Mi\u0119dzynarodowych Standard\u00f3w Rachunkowo\u015bci i Mi\u0119dzynarodowych Standard\u00f3w Sprawozda\u0144 Finansowych. Proponowane przez nas programy przygotowywane s\u0105 w oparciu o najnowsze badania rynku pracy, okre\u015blaj\u0105 potrzeby edukacyjne os\u00f3b ambitnych ukierunkowanych na rozw\u00f3j osobisty. Podczas kurs\u00f3w s\u0142uchacze korzystaj\u0105 z najwy\u017cszej jako\u015bci form doskonalenia \u0142\u0105cz\u0105cych aktualn\u0105 wiedz\u0119 z praktycznym jej zastosowaniem. Poszczeg\u00f3lne zagadnienia b\u0119d\u0105 ilustrowane [&hellip;]<\/p>\n","protected":false},"author":2,"featured_media":0,"parent":0,"menu_order":0,"comment_status":"closed","ping_status":"closed","template":"","meta":{"footnotes":""},"_links":{"self":[{"href":"https:\/\/msr-mssf.com.pl\/index.php?rest_route=\/wp\/v2\/pages\/7"}],"collection":[{"href":"https:\/\/msr-mssf.com.pl\/index.php?rest_route=\/wp\/v2\/pages"}],"about":[{"href":"https:\/\/msr-mssf.com.pl\/index.php?rest_route=\/wp\/v2\/types\/page"}],"author":[{"embeddable":true,"href":"https:\/\/msr-mssf.com.pl\/index.php?rest_route=\/wp\/v2\/users\/2"}],"replies":[{"embeddable":true,"href":"https:\/\/msr-mssf.com.pl\/index.php?rest_route=%2Fwp%2Fv2%2Fcomments&post=7"}],"version-history":[{"count":5,"href":"https:\/\/msr-mssf.com.pl\/index.php?rest_route=\/wp\/v2\/pages\/7\/revisions"}],"predecessor-version":[{"id":40,"href":"https:\/\/msr-mssf.com.pl\/index.php?rest_route=\/wp\/v2\/pages\/7\/revisions\/40"}],"wp:attachment":[{"href":"https:\/\/msr-mssf.com.pl\/index.php?rest_route=%2Fwp%2Fv2%2Fmedia&parent=7"}],"curies":[{"name":"wp","href":"https:\/\/api.w.org\/{rel}","templated":true}]}}