{"id":45,"date":"2023-03-30T10:04:11","date_gmt":"2023-03-30T10:04:11","guid":{"rendered":"https:\/\/msr-mssf.com.pl\/?page_id=45"},"modified":"2023-03-30T10:04:11","modified_gmt":"2023-03-30T10:04:11","slug":"opinie-o-szkoleniu","status":"publish","type":"page","link":"https:\/\/msr-mssf.com.pl\/?page_id=45","title":{"rendered":"Opinie o szkoleniu"},"content":{"rendered":"\n<blockquote class=\"wp-block-quote\">\n<p>Mi\u0119dzynarodowe Standardy Rachunkowo\u015bci MSR\/MSSF \u2013 prezentacja kluczowych zagadnie\u0144 z przyk\u0142adami praktycznego zastosowania kurs 6-dniowy<\/p>\n<cite>Jestem bardzo zadowolony z tej cz\u0119\u015bci, by\u0142o du\u017co zada\u0144, du\u017co przyk\u0142ad\u00f3w i odniesie\u0144, tego mi brakowa\u0142o.<\/cite><\/blockquote>\n\n\n\n<blockquote class=\"wp-block-quote\">\n<p>\u015arodki trwa\u0142e wed\u0142ug Mi\u0119dzynarodowych Standard\u00f3w Sprawozdawczo\u015bci Finansowej (MSSF\/MSR)<\/p>\n<cite>Dobrze przygotowany i przemy\u015blane materia\u0142y, przyst\u0119pny spos\u00f3b przekazania wiedzy, du\u017co praktyki<\/cite><\/blockquote>\n\n\n\n<blockquote class=\"wp-block-quote\">\n<p>Aktywa rzeczowe, aktywa niematerialne, utrata warto\u015bci i rezerwy w MSR\/MSSF<\/p>\n<cite>Plus za solidnie przygotowane materia\u0142y<\/cite><\/blockquote>\n\n\n\n<blockquote class=\"wp-block-quote\">\n<p>Rachunek przep\u0142yw\u00f3w pieni\u0119\u017cnych z uwzgl\u0119dnieniem KSR 1 oraz MSR 7 \u2013 warsztaty praktyczne EXCEL<\/p>\n<cite>Przyst\u0119pny spos\u00f3b prezentacji, najwa\u017cniejsze zagadnienia om\u00f3wione<\/cite><\/blockquote>\n\n\n\n<blockquote class=\"wp-block-quote\">\n<p>Amortyzacja \u015brodk\u00f3w trwa\u0142ych wed\u0142ug zasad prawa bilansowego, podatkowego i MSR<\/p>\n<cite>Wyczerpuj\u0105co przekazany temat szkolenia<\/cite><\/blockquote>\n\n\n\n<blockquote class=\"wp-block-quote\">\n<p>Specjalista ds. MSR\/MSSF<\/p>\n<cite>Szkolenie na wysokim poziomie, jasny przekaz informacji<\/cite><\/blockquote>\n","protected":false},"excerpt":{"rendered":"<p>Mi\u0119dzynarodowe Standardy Rachunkowo\u015bci MSR\/MSSF \u2013 prezentacja kluczowych zagadnie\u0144 z przyk\u0142adami praktycznego zastosowania kurs 6-dniowy Jestem bardzo zadowolony z tej cz\u0119\u015bci, by\u0142o du\u017co zada\u0144, du\u017co przyk\u0142ad\u00f3w i odniesie\u0144, tego mi brakowa\u0142o. \u015arodki trwa\u0142e wed\u0142ug Mi\u0119dzynarodowych Standard\u00f3w Sprawozdawczo\u015bci Finansowej (MSSF\/MSR) Dobrze przygotowany i przemy\u015blane materia\u0142y, przyst\u0119pny spos\u00f3b przekazania wiedzy, du\u017co praktyki Aktywa rzeczowe, aktywa niematerialne, utrata warto\u015bci [&hellip;]<\/p>\n","protected":false},"author":2,"featured_media":0,"parent":0,"menu_order":0,"comment_status":"closed","ping_status":"closed","template":"","meta":{"footnotes":""},"_links":{"self":[{"href":"https:\/\/msr-mssf.com.pl\/index.php?rest_route=\/wp\/v2\/pages\/45"}],"collection":[{"href":"https:\/\/msr-mssf.com.pl\/index.php?rest_route=\/wp\/v2\/pages"}],"about":[{"href":"https:\/\/msr-mssf.com.pl\/index.php?rest_route=\/wp\/v2\/types\/page"}],"author":[{"embeddable":true,"href":"https:\/\/msr-mssf.com.pl\/index.php?rest_route=\/wp\/v2\/users\/2"}],"replies":[{"embeddable":true,"href":"https:\/\/msr-mssf.com.pl\/index.php?rest_route=%2Fwp%2Fv2%2Fcomments&post=45"}],"version-history":[{"count":1,"href":"https:\/\/msr-mssf.com.pl\/index.php?rest_route=\/wp\/v2\/pages\/45\/revisions"}],"predecessor-version":[{"id":46,"href":"https:\/\/msr-mssf.com.pl\/index.php?rest_route=\/wp\/v2\/pages\/45\/revisions\/46"}],"wp:attachment":[{"href":"https:\/\/msr-mssf.com.pl\/index.php?rest_route=%2Fwp%2Fv2%2Fmedia&parent=45"}],"curies":[{"name":"wp","href":"https:\/\/api.w.org\/{rel}","templated":true}]}}